{"id":9,"date":"2024-05-27T10:52:38","date_gmt":"2024-05-27T08:52:38","guid":{"rendered":"https:\/\/east-frisia.de\/langeoog\/?page_id=9"},"modified":"2024-05-27T10:52:39","modified_gmt":"2024-05-27T08:52:39","slug":"datenschutz","status":"publish","type":"page","link":"https:\/\/east-frisia.de\/langeoog\/datenschutz\/","title":{"rendered":"Datenschutz"},"content":{"rendered":"\n<h3 class=\"wp-block-heading\" id=\"h-datenschutzerklarung-wegen-der-verwendung-von-google-adsense\">Datenschutzerkl\u00e4rung wegen der Verwendung von Google AdSense<\/h3>\n\n\n\n<p>Unsere Internetseite verwendet Google AdSense. Dies ist ein Dienst der Google Inc., 1600 Amphitheatre Parkway, Mountain View, CA 94043, USA, mit dem Werbeanzeigen auf Internetseiten eingebunden werden k\u00f6nnen. Google AdSense verwendet sogenannte Cookies. Die Cookies sind Dateien. Durch die Speicherung der Cookies auf Ihrem Computer kann Google Ihre Benutzung unserer Internetseite analysieren. Bei Google AdSense werden zudem auch sogenannte Web Beacons verwendet. Das sind nicht sichtbare Grafiken. Damit kann Google Informationen, wie z.B. die Klicks auf unsere Internetseite oder den Verkehr auf unseren Seiten, analysieren.<\/p>\n\n\n\n<p>Die genannten Informationen, Ihre IP-Adresse und die Auslieferung von Werbeformaten werden an die Google-Server in den USA \u00fcbermittelt und von diesen gespeichert. Diese gesamten Informationen wird Google m\u00f6glicherweise an Dritte weitergeben, wenn dies von Gesetzes wegen gefordert ist oder f\u00fcr den Fall, da\u00df Dritte von Google beauftragt werden, diese Datenverarbeitung vorzunehmen. Keinesfalls wird Google jedoch Ihre IP-Adresse mit anderen Daten von Google verkn\u00fcpfen.<\/p>\n\n\n\n<p>Sie haben die M\u00f6glichkeit zu verhindern, dass die genannten Cookies auf Ihrem Computer gespeichert werden. Dazu m\u00fcssen Sie an Ihrem Internetbrowser eine dementsprechende Einstellung vornehmen. Allerdings besteht dann die M\u00f6glichkeit, da\u00df unsere Internetseite f\u00fcr Sie nur eingeschr\u00e4nkt nutzbar ist.<\/p>\n\n\n\n<p>Angabe der Quelle: Flegl Rechtsanw\u00e4lte GmbH<\/p>\n\n\n\n<h3 class=\"wp-block-heading\" id=\"h-allgemeines\">Allgemeines<\/h3>\n\n\n\n<p>Grunds\u00e4tzlich ist die Nutzung des Internetangebotes ohne Eingabe personenbezogener Daten m\u00f6glich.<\/p>\n\n\n\n<h3 class=\"wp-block-heading\" id=\"h-einsatz-von-cookies\">Einsatz von Cookies<\/h3>\n\n\n\n<p>Auf der Webseite werden so genannte Cookies eingesetzt. Cookies sind kleine Textdateien, die auf der Festplatte des Nutzers gespeichert werden. Cookies werden f\u00fcr die sog. Warenkorbfunktion sowie zur Erstellung von Statistiken \u00fcber die Nutzung des Ticketshops eingesetzt, um so das Angebot f\u00fcr den Nutzer st\u00e4ndig zu verbessern. Es werden keine Technologien eingesetzt, die durch Cookies anfallende Informationen mit Nutzerdaten verbinden, um so die Identit\u00e4t des Nutzers festzustellen. Die Webseite kann grunds\u00e4tzlich auch ohne Cookies genutzt werden, was jedoch zu einer eingeschr\u00e4nkten Funktionalit\u00e4t der Webseite f\u00fchren kann. Web-Browser lassen sich so einstellen, dass Cookies generell oder bezogen auf jeden Einzelfall angenommen oder abgelehnt werden.<\/p>\n\n\n\n<h3 class=\"wp-block-heading\" id=\"h-links-zu-anderen-webseiten\">Links zu anderen Webseiten<\/h3>\n\n\n\n<p>Innerhalb des Angebots dieser Webseite k\u00f6nnen sich Links zu den Seiten anderer Anbieter befinden. Der uux.de ist es nicht m\u00f6glich zu \u00fcberpr\u00fcfen, in welcher Form die Anbieter der verlinkten Seiten die Datenschutzbestimmungen der Nutzer einhalten und kann deshalb keine Verantwortung f\u00fcr die Inhalte der verlinkten Seiten \u00fcbernehmen.<\/p>\n\n\n\n<h3 class=\"wp-block-heading\" id=\"h-datenschutzerklarung-google-maps\">Datenschutzerkl\u00e4rung Google Maps<\/h3>\n\n\n\n<p>Diese Webseite verwendet das Produkt Google Maps von Google Inc. Durch Nutzung dieser Webseite erkl\u00e4ren Sie sich mit der Erfassung, Bearbeitung sowie Nutzung der automatisiert erhobenen Daten durch Google Inc, deren Vertreter sowie Dritter einverstanden.Die Nutzungsbedingungen von Google Maps finden sie unter \u201c<a href=\"https:\/\/www.google.com\/intl\/de_de\/help\/terms_maps.html\">Nutzungsbedingungen von Google Maps<\/a>\u201c.<\/p>\n\n\n\n<h3 class=\"wp-block-heading\" id=\"h-logfiles\">Logfiles<\/h3>\n\n\n\n<p>Beim Aufruf der Webseite durch Besucher werden die IP-Adressen dieser Besucher erfasst und in Logfiles beim Provider STRATO gespeichert. Die IP-Adressen der Besucher speichert STRATO zur Erkennung und Abwehr von Angriffen f\u00fcr maximal sieben Tage.<\/p>\n\n\n\n<h3 class=\"wp-block-heading\" id=\"h-datenschutzerklarung-fur-die-nutzung-von-google-1\"><strong>Datenschutzerkl\u00e4rung f\u00fcr die Nutzung von Google +1<\/strong><\/h3>\n\n\n\n<p><em>Erfassung und Weitergabe von Informationen:<\/em><br>Mithilfe der Google +1-Schaltfl\u00e4che k\u00f6nnen Sie Informationen weltweit ver\u00f6ffentlichen. \u00fcber die Google +1-Schaltfl\u00e4che erhalten Sie und andere Nutzer personalisierte Inhalte von Google und unseren Partnern. Google speichert sowohl die Information, dass Sie f\u00fcr einen Inhalt +1 gegeben haben, als auch Informationen \u00fcber die Seite, die Sie beim Klicken auf +1 angesehen haben. Ihre +1 k\u00f6nnen als Hinweise zusammen mit Ihrem Profilnamen und Ihrem Foto in Google-Diensten, wie etwa in Suchergebnissen oder in Ihrem Google-Profil, oder an anderen Stellen auf Websites und Anzeigen im Internet eingeblendet werden.<\/p>\n\n\n\n<p>Google zeichnet Informationen \u00fcber Ihre +1-Aktivit\u00e4ten auf, um die Google-Dienste f\u00fcr Sie und andere zu verbessern. Um die Google +1-Schaltfl\u00e4che verwenden zu k\u00f6nnen, ben\u00f6tigen Sie ein weltweit sichtbares, \u00f6ffentliches Google-Profil, das zumindest den f\u00fcr das Profil gew\u00e4hlten Namen enthalten muss. Dieser Name wird in allen Google-Diensten verwendet. In manchen F\u00e4llen kann dieser Name auch einen anderen Namen ersetzen, den Sie beim Teilen von Inhalten \u00fcber Ihr Google-Konto verwendet haben. Die Identit\u00e4t Ihres Google-Profils kann Nutzern angezeigt werden, die Ihre E-Mail-Adresse kennen oder \u00fcber andere identifizierende Informationen von Ihnen verf\u00fcgen.<\/p>\n\n\n\n<p><em>Verwendung der erfassten Informationen:<\/em><br>Neben den oben erl\u00e4uterten Verwendungszwecken werden die von Ihnen bereitgestellten Informationen gem\u00e4\u00df den geltenden Google-Datenschutzbestimmungen genutzt. Google ver\u00f6ffentlicht m\u00f6glicherweise zusammengefasste Statistiken \u00fcber die +1-Aktivit\u00e4ten der Nutzer bzw. gibt diese an Nutzer und Partner weiter, wie etwa Publisher, Inserenten oder verbundene Websites.<\/p>\n\n\n\n<h3 class=\"wp-block-heading\" id=\"h-diensteanbieter-im-sinne-des-telemediengesetz\">Diensteanbieter im Sinne des Telemediengesetz<\/h3>\n\n\n\n<p>Diensteanbieter im Sinne des Telemediengesetzes und verantwortliche Stelle im Sinne des Bundesdatenschutzgesetzes ist Detlev Helmerich, uux.de, Rote Erde 35, 48163 M\u00fcnster, Deutschland.<\/p>\n","protected":false},"excerpt":{"rendered":"<p>Datenschutzerkl\u00e4rung wegen der Verwendung von Google AdSense Unsere Internetseite verwendet Google AdSense. Dies ist ein Dienst der Google Inc., 1600 Amphitheatre Parkway, Mountain View, CA 94043, USA, mit dem Werbeanzeigen auf Internetseiten eingebunden werden k\u00f6nnen. Google AdSense verwendet sogenannte Cookies. Die Cookies sind Dateien. Durch die Speicherung der Cookies auf Ihrem Computer kann Google Ihre &#8230; <a title=\"Datenschutz\" class=\"read-more\" href=\"https:\/\/east-frisia.de\/langeoog\/datenschutz\/\" aria-label=\"Mehr Informationen \u00fcber Datenschutz\">Weiterlesen &#8230;<\/a><\/p>\n","protected":false},"author":1,"featured_media":0,"parent":0,"menu_order":0,"comment_status":"closed","ping_status":"closed","template":"","meta":{"_lmt_disableupdate":"","_lmt_disable":"","footnotes":""},"class_list":["post-9","page","type-page","status-publish"],"yoast_head":"<!-- This site is optimized with the Yoast SEO plugin v27.4 - https:\/\/yoast.com\/product\/yoast-seo-wordpress\/ -->\n<title>Datenschutz - Langeoog<\/title>\n<meta name=\"robots\" content=\"index, follow, max-snippet:-1, max-image-preview:large, max-video-preview:-1\" \/>\n<link rel=\"canonical\" href=\"https:\/\/east-frisia.de\/langeoog\/datenschutz\/\" \/>\n<meta property=\"og:locale\" content=\"de_DE\" \/>\n<meta property=\"og:type\" content=\"article\" \/>\n<meta property=\"og:title\" content=\"Datenschutz - Langeoog\" \/>\n<meta property=\"og:description\" content=\"Datenschutzerkl\u00e4rung wegen der Verwendung von Google AdSense Unsere Internetseite verwendet Google AdSense. Dies ist ein Dienst der Google Inc., 1600 Amphitheatre Parkway, Mountain View, CA 94043, USA, mit dem Werbeanzeigen auf Internetseiten eingebunden werden k\u00f6nnen. Google AdSense verwendet sogenannte Cookies. Die Cookies sind Dateien. Durch die Speicherung der Cookies auf Ihrem Computer kann Google Ihre ... Weiterlesen ...\" \/>\n<meta property=\"og:url\" content=\"https:\/\/east-frisia.de\/langeoog\/datenschutz\/\" \/>\n<meta property=\"og:site_name\" content=\"Langeoog\" \/>\n<meta property=\"article:modified_time\" content=\"2024-05-27T08:52:39+00:00\" \/>\n<meta name=\"twitter:card\" content=\"summary_large_image\" \/>\n<meta name=\"twitter:label1\" content=\"Gesch\u00e4tzte Lesezeit\" \/>\n\t<meta name=\"twitter:data1\" content=\"4\u00a0Minuten\" \/>\n<script type=\"application\/ld+json\" class=\"yoast-schema-graph\">{\"@context\":\"https:\\\/\\\/schema.org\",\"@graph\":[{\"@type\":\"WebPage\",\"@id\":\"https:\\\/\\\/east-frisia.de\\\/langeoog\\\/datenschutz\\\/\",\"url\":\"https:\\\/\\\/east-frisia.de\\\/langeoog\\\/datenschutz\\\/\",\"name\":\"Datenschutz - Langeoog\",\"isPartOf\":{\"@id\":\"https:\\\/\\\/east-frisia.de\\\/langeoog\\\/#website\"},\"datePublished\":\"2024-05-27T08:52:38+00:00\",\"dateModified\":\"2024-05-27T08:52:39+00:00\",\"breadcrumb\":{\"@id\":\"https:\\\/\\\/east-frisia.de\\\/langeoog\\\/datenschutz\\\/#breadcrumb\"},\"inLanguage\":\"de\",\"potentialAction\":[{\"@type\":\"ReadAction\",\"target\":[\"https:\\\/\\\/east-frisia.de\\\/langeoog\\\/datenschutz\\\/\"]}]},{\"@type\":\"BreadcrumbList\",\"@id\":\"https:\\\/\\\/east-frisia.de\\\/langeoog\\\/datenschutz\\\/#breadcrumb\",\"itemListElement\":[{\"@type\":\"ListItem\",\"position\":1,\"name\":\"Startseite\",\"item\":\"https:\\\/\\\/east-frisia.de\\\/langeoog\\\/\"},{\"@type\":\"ListItem\",\"position\":2,\"name\":\"Datenschutz\"}]},{\"@type\":\"WebSite\",\"@id\":\"https:\\\/\\\/east-frisia.de\\\/langeoog\\\/#website\",\"url\":\"https:\\\/\\\/east-frisia.de\\\/langeoog\\\/\",\"name\":\"Langeoog\",\"description\":\"\",\"potentialAction\":[{\"@type\":\"SearchAction\",\"target\":{\"@type\":\"EntryPoint\",\"urlTemplate\":\"https:\\\/\\\/east-frisia.de\\\/langeoog\\\/?s={search_term_string}\"},\"query-input\":{\"@type\":\"PropertyValueSpecification\",\"valueRequired\":true,\"valueName\":\"search_term_string\"}}],\"inLanguage\":\"de\"}]}<\/script>\n<!-- \/ Yoast SEO plugin. -->","yoast_head_json":{"title":"Datenschutz - Langeoog","robots":{"index":"index","follow":"follow","max-snippet":"max-snippet:-1","max-image-preview":"max-image-preview:large","max-video-preview":"max-video-preview:-1"},"canonical":"https:\/\/east-frisia.de\/langeoog\/datenschutz\/","og_locale":"de_DE","og_type":"article","og_title":"Datenschutz - Langeoog","og_description":"Datenschutzerkl\u00e4rung wegen der Verwendung von Google AdSense Unsere Internetseite verwendet Google AdSense. Dies ist ein Dienst der Google Inc., 1600 Amphitheatre Parkway, Mountain View, CA 94043, USA, mit dem Werbeanzeigen auf Internetseiten eingebunden werden k\u00f6nnen. Google AdSense verwendet sogenannte Cookies. Die Cookies sind Dateien. Durch die Speicherung der Cookies auf Ihrem Computer kann Google Ihre ... Weiterlesen ...","og_url":"https:\/\/east-frisia.de\/langeoog\/datenschutz\/","og_site_name":"Langeoog","article_modified_time":"2024-05-27T08:52:39+00:00","twitter_card":"summary_large_image","twitter_misc":{"Gesch\u00e4tzte Lesezeit":"4\u00a0Minuten"},"schema":{"@context":"https:\/\/schema.org","@graph":[{"@type":"WebPage","@id":"https:\/\/east-frisia.de\/langeoog\/datenschutz\/","url":"https:\/\/east-frisia.de\/langeoog\/datenschutz\/","name":"Datenschutz - Langeoog","isPartOf":{"@id":"https:\/\/east-frisia.de\/langeoog\/#website"},"datePublished":"2024-05-27T08:52:38+00:00","dateModified":"2024-05-27T08:52:39+00:00","breadcrumb":{"@id":"https:\/\/east-frisia.de\/langeoog\/datenschutz\/#breadcrumb"},"inLanguage":"de","potentialAction":[{"@type":"ReadAction","target":["https:\/\/east-frisia.de\/langeoog\/datenschutz\/"]}]},{"@type":"BreadcrumbList","@id":"https:\/\/east-frisia.de\/langeoog\/datenschutz\/#breadcrumb","itemListElement":[{"@type":"ListItem","position":1,"name":"Startseite","item":"https:\/\/east-frisia.de\/langeoog\/"},{"@type":"ListItem","position":2,"name":"Datenschutz"}]},{"@type":"WebSite","@id":"https:\/\/east-frisia.de\/langeoog\/#website","url":"https:\/\/east-frisia.de\/langeoog\/","name":"Langeoog","description":"","potentialAction":[{"@type":"SearchAction","target":{"@type":"EntryPoint","urlTemplate":"https:\/\/east-frisia.de\/langeoog\/?s={search_term_string}"},"query-input":{"@type":"PropertyValueSpecification","valueRequired":true,"valueName":"search_term_string"}}],"inLanguage":"de"}]}},"_links":{"self":[{"href":"https:\/\/east-frisia.de\/langeoog\/wp-json\/wp\/v2\/pages\/9","targetHints":{"allow":["GET"]}}],"collection":[{"href":"https:\/\/east-frisia.de\/langeoog\/wp-json\/wp\/v2\/pages"}],"about":[{"href":"https:\/\/east-frisia.de\/langeoog\/wp-json\/wp\/v2\/types\/page"}],"author":[{"embeddable":true,"href":"https:\/\/east-frisia.de\/langeoog\/wp-json\/wp\/v2\/users\/1"}],"replies":[{"embeddable":true,"href":"https:\/\/east-frisia.de\/langeoog\/wp-json\/wp\/v2\/comments?post=9"}],"version-history":[{"count":1,"href":"https:\/\/east-frisia.de\/langeoog\/wp-json\/wp\/v2\/pages\/9\/revisions"}],"predecessor-version":[{"id":10,"href":"https:\/\/east-frisia.de\/langeoog\/wp-json\/wp\/v2\/pages\/9\/revisions\/10"}],"wp:attachment":[{"href":"https:\/\/east-frisia.de\/langeoog\/wp-json\/wp\/v2\/media?parent=9"}],"curies":[{"name":"wp","href":"https:\/\/api.w.org\/{rel}","templated":true}]}}