{"id":225,"date":"2024-05-29T06:59:33","date_gmt":"2024-05-29T04:59:33","guid":{"rendered":"https:\/\/east-frisia.de\/norddeich\/?page_id=225"},"modified":"2024-05-29T06:59:33","modified_gmt":"2024-05-29T04:59:33","slug":"neues-seenotrettungsboot-otto-diersch-in-norddeich","status":"publish","type":"page","link":"https:\/\/east-frisia.de\/norddeich\/neues-seenotrettungsboot-otto-diersch-in-norddeich\/","title":{"rendered":"Neues Seenotrettungsboot &#8222;Otto Diersch&#8220; in Norddeich"},"content":{"rendered":"\n<p>Die Deutsche Gesellschaft zur Rettung Schiffbr\u00fcchiger (DGzRS) hat 2020 ein neues 10,1-Meter-Seenotrettungsboot auf ihrer Freiwilligen-Station Norddeich in Dienst gestellt. Das Boot mit dem Namen &#8222;Otto Diersch&#8220; ersetzte die 1999 gebaute &#8222;Wilma Sikorski&#8220;.<\/p>\n\n\n\n<figure class=\"wp-block-image size-full\"><img loading=\"lazy\" decoding=\"async\" width=\"640\" height=\"360\" src=\"https:\/\/east-frisia.de\/norddeich\/wp-content\/uploads\/sites\/3\/2024\/05\/Otto-Diersch.jpg\" alt=\"Otto Diersch\" class=\"wp-image-226\" srcset=\"https:\/\/east-frisia.de\/norddeich\/wp-content\/uploads\/sites\/3\/2024\/05\/Otto-Diersch.jpg 640w, https:\/\/east-frisia.de\/norddeich\/wp-content\/uploads\/sites\/3\/2024\/05\/Otto-Diersch-300x169.jpg 300w\" sizes=\"auto, (max-width: 640px) 100vw, 640px\" \/><figcaption class=\"wp-element-caption\"><em>Neues Seenotrettungsboot &#8222;Otto Diersch&#8220; in Norddeich<\/em><\/figcaption><\/figure>\n\n\n\n<h3 class=\"wp-block-heading\">Namensgebung und Hintergrund<\/h3>\n\n\n\n<p>Die &#8222;Otto Diersch&#8220; ist nach dem Gr\u00fcnder der Bremer Firmengruppe Diersch &amp; Schr\u00f6der benannt. Das Unternehmen erm\u00f6glichte den Neubau des Seenotrettungsboots anl\u00e4sslich seines 100-j\u00e4hrigen Bestehens. Die feierliche Taufzeremonie f\u00fcr die &#8222;Otto Diersch&#8220; fand bei der DGzRS in Bremen statt, bevor das Boot seinen Einsatzort in Ostfriesland antrat. Mit der Indienststellung des neuen Bootes setzt die DGzRS ihre \u00fcber 150-j\u00e4hrige Tradition der professionellen Seenotrettung an der deutschen Nordseek\u00fcste fort.<\/p>\n\n\n\n<h3 class=\"wp-block-heading\">Technische Ausstattung der &#8222;Otto Diersch&#8220;<\/h3>\n\n\n\n<p>Die &#8222;Otto Diersch&#8220; ist ein hochmodernes Seenotrettungsboot der 10,1-Meter-Klasse. Es wurde von der Fachstelle Schiffbau der DGzRS entwickelt und auf der Werft Dr\u00f6hnen in Brake gebaut. Das Boot ist mit einem 500 PS starken Dieselmotor ausgestattet, der eine H\u00f6chstgeschwindigkeit von 25 Knoten (rund 46 km\/h) erm\u00f6glicht. Die Reichweite betr\u00e4gt etwa 200 Seemeilen. F\u00fcr Eins\u00e4tze bei Nacht ist es mit modernen Navigations- und Kommunikationsger\u00e4ten sowie Suchscheinwerfern ausger\u00fcstet.<\/p>\n\n\n\n<p>Die Selbstaufrichtungsf\u00e4higkeit des Bootes ist ein wichtiges Sicherheitsmerkmal. Selbst wenn es durch eine Welle umgeworfen werden sollte, richtet es sich dank seiner speziellen Formgebung und Massenverteilung innerhalb kurzer Zeit wieder auf. An Bord befinden sich \u00dcberlebensanz\u00fcge, Rettungswesten und Rettungsinseln f\u00fcr die vierk\u00f6pfige Besatzung sowie Platz f\u00fcr bis zu 20 Schiffbr\u00fcchige. Ein Festrumpfschlauchboot erm\u00f6glicht die Bergung von Menschen aus dem Wasser.<\/p>\n\n\n\n<h3 class=\"wp-block-heading\">Eins\u00e4tze und Bedeutung<\/h3>\n\n\n\n<p>Die Seenotrettungsboote der DGzRS werden im Notfall rund um die Uhr alarmiert. Sie r\u00fccken aus, um Schiffbr\u00fcchige aus Seenot zu retten, egal bei welchen Wetterbedingungen. Die Besatzungen bestehen aus speziell ausgebildeten Freiwilligen. J\u00e4hrlich werden die Seenotretter der DGzRS zu rund 2.000 Eins\u00e4tzen gerufen. Sie leisten damit einen wichtigen Beitrag zur Sicherheit auf den deutschen Gew\u00e4ssern. Die &#8222;Otto Diersch&#8220; wird von der Station Norddeich aus im Bereich der Ostfriesischen Inseln und der Ems-M\u00fcndung eingesetzt.<\/p>\n\n\n\n<h3 class=\"wp-block-heading\">Seenotrettung in Norddeich<\/h3>\n\n\n\n<p>Die Freiwilligen-Station Norddeich ist eine der \u00e4ltesten und traditionsreichsten Seenotrettungsstationen der DGzRS. Sie wurde bereits 1861 gegr\u00fcndet und ist damit die zweit\u00e4lteste Station nach Borkum. Von Norddeich aus werden die Seegebiete vor den Ostfriesischen Inseln sowie die Emsm\u00fcndung abgedeckt. Dieser Bereich z\u00e4hlt zu den Revieren mit den meisten Eins\u00e4tzen f\u00fcr die Seenotretter. Gr\u00fcnde sind der rege Schiffsverkehr sowie die gef\u00e4hrlichen Untiefen und Str\u00f6mungen.<\/p>\n\n\n\n<p>Die Besatzungen der &#8222;Otto Diersch&#8220; und der ebenfalls in Norddeich stationierten 20-Meter-Seenotrettungskreuzer m\u00fcssen jederzeit einsatzbereit sein. Neben der Rettung von Schiffbr\u00fcchigen geh\u00f6ren auch die Bergung von Schiffswracks und \u00d6lbek\u00e4mpfung zu ihren Aufgaben. F\u00fcr ihre selbstlosen und gef\u00e4hrlichen Eins\u00e4tze zur Rettung von Menschenleben auf See erhalten die Seenotretter keine Bezahlung. Sie leisten ihren Dienst ausschlie\u00dflich auf Basis des Ehrenamts und der Freiwilligkeit.<\/p>\n\n\n\n<h3 class=\"wp-block-heading\">Finanzierung der DGzRS<\/h3>\n\n\n\n<p>Die DGzRS ist eine gemeinn\u00fctzige Organisation und finanziert sich ausschlie\u00dflich durch Spenden und Zuwendungen. Weder der Bund noch die L\u00e4nder beteiligen sich an den Kosten f\u00fcr die Seenotrettung. Rund 30 Millionen Euro pro Jahr sind erforderlich, um den Betrieb der 60 Rettungseinheiten und 180 Mitarbeiter aufrechtzuerhalten. Dazu kommen Investitionen in neue Boote und Ausr\u00fcstung. Gro\u00dfspenden wie die der Bremer Firmengruppe Diersch &amp; Schr\u00f6der f\u00fcr das neue Seenotrettungsboot &#8222;Otto Diersch&#8220; sind daher von gro\u00dfer Bedeutung. Auch viele Einzelspender und F\u00f6rdermitglieder tragen mit ihren Beitr\u00e4gen zur Finanzierung der lebenswichtigen Seenotrettung bei.<\/p>\n\n\n\n<h3 class=\"wp-block-heading\">Geschichte der Seenotrettung in Deutschland<\/h3>\n\n\n\n<p>Die Urspr\u00fcnge der organisierten Seenotrettung in Deutschland gehen bis ins 19. Jahrhundert zur\u00fcck. 1865 wurde in Kiel die &#8222;Gesellschaft zur Rettung Schiffbr\u00fcchiger&#8220; gegr\u00fcndet, die heutige DGzRS. Zuvor gab es lediglich vereinzelte private Initiativen zur Rettung Schiffbr\u00fcchiger. Mit der Gr\u00fcndung der DGzRS begann der Aufbau eines landesweiten Netzes von Rettungsstationen entlang der K\u00fcsten. In den folgenden Jahrzehnten wurden immer mehr Stationen errichtet und mit modernen Seenotrettungsbooten ausgestattet. Die Technik entwickelte sich st\u00e4ndig weiter, um die Rettungschancen zu erh\u00f6hen.<\/p>\n\n\n\n<p>Heute verf\u00fcgt die DGzRS \u00fcber 60 Stationen entlang der deutschen Nord- und Ostseek\u00fcste. Die Flotte umfasst hochseetaugliche Seenotrettungskreuzer sowie kleinere Boote f\u00fcr die K\u00fcstengew\u00e4sser. J\u00e4hrlich werden rund 2.000 Eins\u00e4tze gefahren. \u00dcber 180 Mitarbeiter und rund 800 Freiwillige sind im Einsatz, um bei Seenotf\u00e4llen schnellstm\u00f6glich Hilfe zu leisten. Seit ihrer Gr\u00fcndung hat die DGzRS mehr als 85.000 Menschen aus Seenot gerettet.<\/p>\n\n\n\n<h3 class=\"wp-block-heading\">Internationale Zusammenarbeit<\/h3>\n\n\n\n<p>Die Seenotrettung kennt keine Grenzen. Daher arbeitet die DGzRS eng mit anderen nationalen Seenotrettungsorganisationen zusammen, insbesondere im Bereich der Nordsee. Regelm\u00e4\u00dfige \u00dcbungen und der Austausch von Erfahrungen und Wissen dienen der Optimierung der Rettungsabl\u00e4ufe. Bei gr\u00f6\u00dferen Eins\u00e4tzen unterst\u00fctzen sich die Organisationen gegenseitig.<\/p>\n\n\n\n<p>Auf internationaler Ebene ist die DGzRS Mitglied der &#8222;International Maritime Rescue Federation&#8220; (IMRF), dem Weltverband der Seenotrettungsorganisationen. Hier werden globale Standards und Best Practices erarbeitet. Die enge Kooperation \u00fcber L\u00e4ndergrenzen hinweg hilft, die Sicherheit auf den Weltmeeren zu erh\u00f6hen und im Notfall m\u00f6glichst viele Menschenleben zu retten.<\/p>\n","protected":false},"excerpt":{"rendered":"<p>Die Deutsche Gesellschaft zur Rettung Schiffbr\u00fcchiger (DGzRS) hat 2020 ein neues 10,1-Meter-Seenotrettungsboot auf ihrer Freiwilligen-Station Norddeich in Dienst gestellt. Das Boot mit dem Namen &#8222;Otto Diersch&#8220; ersetzte die 1999 gebaute &#8222;Wilma Sikorski&#8220;. Namensgebung und Hintergrund Die &#8222;Otto Diersch&#8220; ist nach dem Gr\u00fcnder der Bremer Firmengruppe Diersch &amp; Schr\u00f6der benannt. Das Unternehmen erm\u00f6glichte den Neubau des &#8230; <a title=\"Neues Seenotrettungsboot &#8222;Otto Diersch&#8220; in Norddeich\" class=\"read-more\" href=\"https:\/\/east-frisia.de\/norddeich\/neues-seenotrettungsboot-otto-diersch-in-norddeich\/\" aria-label=\"Mehr zu Neues Seenotrettungsboot &#8222;Otto Diersch&#8220; in Norddeich\">Weiterlesen &#8230;<\/a><\/p>\n","protected":false},"author":1,"featured_media":0,"parent":0,"menu_order":0,"comment_status":"closed","ping_status":"closed","template":"","meta":{"_lmt_disableupdate":"","_lmt_disable":"","footnotes":""},"class_list":["post-225","page","type-page","status-publish","hentry"],"yoast_head":"<!-- This site is optimized with the Yoast SEO plugin v27.5 - https:\/\/yoast.com\/product\/yoast-seo-wordpress\/ -->\n<title>Neues Seenotrettungsboot &quot;Otto Diersch&quot; in Norddeich - Norddeich f\u00fcr Urlauber<\/title>\n<meta name=\"robots\" content=\"index, follow, max-snippet:-1, max-image-preview:large, max-video-preview:-1\" \/>\n<link rel=\"canonical\" href=\"https:\/\/east-frisia.de\/norddeich\/neues-seenotrettungsboot-otto-diersch-in-norddeich\/\" \/>\n<meta property=\"og:locale\" content=\"de_DE\" \/>\n<meta property=\"og:type\" content=\"article\" \/>\n<meta property=\"og:title\" content=\"Neues Seenotrettungsboot &quot;Otto Diersch&quot; in Norddeich - Norddeich f\u00fcr Urlauber\" \/>\n<meta property=\"og:description\" content=\"Die Deutsche Gesellschaft zur Rettung Schiffbr\u00fcchiger (DGzRS) hat 2020 ein neues 10,1-Meter-Seenotrettungsboot auf ihrer Freiwilligen-Station Norddeich in Dienst gestellt. Das Boot mit dem Namen &#8222;Otto Diersch&#8220; ersetzte die 1999 gebaute &#8222;Wilma Sikorski&#8220;. Namensgebung und Hintergrund Die &#8222;Otto Diersch&#8220; ist nach dem Gr\u00fcnder der Bremer Firmengruppe Diersch &amp; Schr\u00f6der benannt. Das Unternehmen erm\u00f6glichte den Neubau des ... Weiterlesen ...\" \/>\n<meta property=\"og:url\" content=\"https:\/\/east-frisia.de\/norddeich\/neues-seenotrettungsboot-otto-diersch-in-norddeich\/\" \/>\n<meta property=\"og:site_name\" content=\"Norddeich f\u00fcr Urlauber\" \/>\n<meta property=\"og:image\" content=\"https:\/\/east-frisia.de\/norddeich\/wp-content\/uploads\/sites\/3\/2024\/05\/Otto-Diersch.jpg\" \/>\n<meta name=\"twitter:card\" content=\"summary_large_image\" \/>\n<meta name=\"twitter:label1\" content=\"Gesch\u00e4tzte Lesezeit\" \/>\n\t<meta name=\"twitter:data1\" content=\"5\u00a0Minuten\" \/>\n<script type=\"application\/ld+json\" class=\"yoast-schema-graph\">{\"@context\":\"https:\\\/\\\/schema.org\",\"@graph\":[{\"@type\":\"WebPage\",\"@id\":\"https:\\\/\\\/east-frisia.de\\\/norddeich\\\/neues-seenotrettungsboot-otto-diersch-in-norddeich\\\/\",\"url\":\"https:\\\/\\\/east-frisia.de\\\/norddeich\\\/neues-seenotrettungsboot-otto-diersch-in-norddeich\\\/\",\"name\":\"Neues Seenotrettungsboot \\\"Otto Diersch\\\" in Norddeich - Norddeich f\u00fcr Urlauber\",\"isPartOf\":{\"@id\":\"https:\\\/\\\/east-frisia.de\\\/norddeich\\\/#website\"},\"primaryImageOfPage\":{\"@id\":\"https:\\\/\\\/east-frisia.de\\\/norddeich\\\/neues-seenotrettungsboot-otto-diersch-in-norddeich\\\/#primaryimage\"},\"image\":{\"@id\":\"https:\\\/\\\/east-frisia.de\\\/norddeich\\\/neues-seenotrettungsboot-otto-diersch-in-norddeich\\\/#primaryimage\"},\"thumbnailUrl\":\"https:\\\/\\\/east-frisia.de\\\/norddeich\\\/wp-content\\\/uploads\\\/sites\\\/3\\\/2024\\\/05\\\/Otto-Diersch.jpg\",\"datePublished\":\"2024-05-29T04:59:33+00:00\",\"breadcrumb\":{\"@id\":\"https:\\\/\\\/east-frisia.de\\\/norddeich\\\/neues-seenotrettungsboot-otto-diersch-in-norddeich\\\/#breadcrumb\"},\"inLanguage\":\"de\",\"potentialAction\":[{\"@type\":\"ReadAction\",\"target\":[\"https:\\\/\\\/east-frisia.de\\\/norddeich\\\/neues-seenotrettungsboot-otto-diersch-in-norddeich\\\/\"]}]},{\"@type\":\"ImageObject\",\"inLanguage\":\"de\",\"@id\":\"https:\\\/\\\/east-frisia.de\\\/norddeich\\\/neues-seenotrettungsboot-otto-diersch-in-norddeich\\\/#primaryimage\",\"url\":\"https:\\\/\\\/east-frisia.de\\\/norddeich\\\/wp-content\\\/uploads\\\/sites\\\/3\\\/2024\\\/05\\\/Otto-Diersch.jpg\",\"contentUrl\":\"https:\\\/\\\/east-frisia.de\\\/norddeich\\\/wp-content\\\/uploads\\\/sites\\\/3\\\/2024\\\/05\\\/Otto-Diersch.jpg\",\"width\":640,\"height\":360},{\"@type\":\"BreadcrumbList\",\"@id\":\"https:\\\/\\\/east-frisia.de\\\/norddeich\\\/neues-seenotrettungsboot-otto-diersch-in-norddeich\\\/#breadcrumb\",\"itemListElement\":[{\"@type\":\"ListItem\",\"position\":1,\"name\":\"Startseite\",\"item\":\"https:\\\/\\\/east-frisia.de\\\/norddeich\\\/\"},{\"@type\":\"ListItem\",\"position\":2,\"name\":\"Neues Seenotrettungsboot &#8222;Otto Diersch&#8220; in Norddeich\"}]},{\"@type\":\"WebSite\",\"@id\":\"https:\\\/\\\/east-frisia.de\\\/norddeich\\\/#website\",\"url\":\"https:\\\/\\\/east-frisia.de\\\/norddeich\\\/\",\"name\":\"Norddeich f\u00fcr Urlauber\",\"description\":\"Norddeich Nordsee Urlaub\",\"publisher\":{\"@id\":\"https:\\\/\\\/east-frisia.de\\\/norddeich\\\/#organization\"},\"potentialAction\":[{\"@type\":\"SearchAction\",\"target\":{\"@type\":\"EntryPoint\",\"urlTemplate\":\"https:\\\/\\\/east-frisia.de\\\/norddeich\\\/?s={search_term_string}\"},\"query-input\":{\"@type\":\"PropertyValueSpecification\",\"valueRequired\":true,\"valueName\":\"search_term_string\"}}],\"inLanguage\":\"de\"},{\"@type\":\"Organization\",\"@id\":\"https:\\\/\\\/east-frisia.de\\\/norddeich\\\/#organization\",\"name\":\"Norddeich f\u00fcr Urlauber\",\"url\":\"https:\\\/\\\/east-frisia.de\\\/norddeich\\\/\",\"logo\":{\"@type\":\"ImageObject\",\"inLanguage\":\"de\",\"@id\":\"https:\\\/\\\/east-frisia.de\\\/norddeich\\\/#\\\/schema\\\/logo\\\/image\\\/\",\"url\":\"https:\\\/\\\/east-frisia.de\\\/norddeich\\\/wp-content\\\/uploads\\\/sites\\\/3\\\/2022\\\/06\\\/Bimmelbahn-Norddeich.jpg\",\"contentUrl\":\"https:\\\/\\\/east-frisia.de\\\/norddeich\\\/wp-content\\\/uploads\\\/sites\\\/3\\\/2022\\\/06\\\/Bimmelbahn-Norddeich.jpg\",\"width\":640,\"height\":360,\"caption\":\"Norddeich f\u00fcr Urlauber\"},\"image\":{\"@id\":\"https:\\\/\\\/east-frisia.de\\\/norddeich\\\/#\\\/schema\\\/logo\\\/image\\\/\"}}]}<\/script>\n<!-- \/ Yoast SEO plugin. -->","yoast_head_json":{"title":"Neues Seenotrettungsboot \"Otto Diersch\" in Norddeich - Norddeich f\u00fcr Urlauber","robots":{"index":"index","follow":"follow","max-snippet":"max-snippet:-1","max-image-preview":"max-image-preview:large","max-video-preview":"max-video-preview:-1"},"canonical":"https:\/\/east-frisia.de\/norddeich\/neues-seenotrettungsboot-otto-diersch-in-norddeich\/","og_locale":"de_DE","og_type":"article","og_title":"Neues Seenotrettungsboot \"Otto Diersch\" in Norddeich - Norddeich f\u00fcr Urlauber","og_description":"Die Deutsche Gesellschaft zur Rettung Schiffbr\u00fcchiger (DGzRS) hat 2020 ein neues 10,1-Meter-Seenotrettungsboot auf ihrer Freiwilligen-Station Norddeich in Dienst gestellt. Das Boot mit dem Namen &#8222;Otto Diersch&#8220; ersetzte die 1999 gebaute &#8222;Wilma Sikorski&#8220;. Namensgebung und Hintergrund Die &#8222;Otto Diersch&#8220; ist nach dem Gr\u00fcnder der Bremer Firmengruppe Diersch &amp; Schr\u00f6der benannt. Das Unternehmen erm\u00f6glichte den Neubau des ... Weiterlesen ...","og_url":"https:\/\/east-frisia.de\/norddeich\/neues-seenotrettungsboot-otto-diersch-in-norddeich\/","og_site_name":"Norddeich f\u00fcr Urlauber","og_image":[{"url":"https:\/\/east-frisia.de\/norddeich\/wp-content\/uploads\/sites\/3\/2024\/05\/Otto-Diersch.jpg","type":"","width":"","height":""}],"twitter_card":"summary_large_image","twitter_misc":{"Gesch\u00e4tzte Lesezeit":"5\u00a0Minuten"},"schema":{"@context":"https:\/\/schema.org","@graph":[{"@type":"WebPage","@id":"https:\/\/east-frisia.de\/norddeich\/neues-seenotrettungsboot-otto-diersch-in-norddeich\/","url":"https:\/\/east-frisia.de\/norddeich\/neues-seenotrettungsboot-otto-diersch-in-norddeich\/","name":"Neues Seenotrettungsboot \"Otto Diersch\" in Norddeich - Norddeich f\u00fcr Urlauber","isPartOf":{"@id":"https:\/\/east-frisia.de\/norddeich\/#website"},"primaryImageOfPage":{"@id":"https:\/\/east-frisia.de\/norddeich\/neues-seenotrettungsboot-otto-diersch-in-norddeich\/#primaryimage"},"image":{"@id":"https:\/\/east-frisia.de\/norddeich\/neues-seenotrettungsboot-otto-diersch-in-norddeich\/#primaryimage"},"thumbnailUrl":"https:\/\/east-frisia.de\/norddeich\/wp-content\/uploads\/sites\/3\/2024\/05\/Otto-Diersch.jpg","datePublished":"2024-05-29T04:59:33+00:00","breadcrumb":{"@id":"https:\/\/east-frisia.de\/norddeich\/neues-seenotrettungsboot-otto-diersch-in-norddeich\/#breadcrumb"},"inLanguage":"de","potentialAction":[{"@type":"ReadAction","target":["https:\/\/east-frisia.de\/norddeich\/neues-seenotrettungsboot-otto-diersch-in-norddeich\/"]}]},{"@type":"ImageObject","inLanguage":"de","@id":"https:\/\/east-frisia.de\/norddeich\/neues-seenotrettungsboot-otto-diersch-in-norddeich\/#primaryimage","url":"https:\/\/east-frisia.de\/norddeich\/wp-content\/uploads\/sites\/3\/2024\/05\/Otto-Diersch.jpg","contentUrl":"https:\/\/east-frisia.de\/norddeich\/wp-content\/uploads\/sites\/3\/2024\/05\/Otto-Diersch.jpg","width":640,"height":360},{"@type":"BreadcrumbList","@id":"https:\/\/east-frisia.de\/norddeich\/neues-seenotrettungsboot-otto-diersch-in-norddeich\/#breadcrumb","itemListElement":[{"@type":"ListItem","position":1,"name":"Startseite","item":"https:\/\/east-frisia.de\/norddeich\/"},{"@type":"ListItem","position":2,"name":"Neues Seenotrettungsboot &#8222;Otto Diersch&#8220; in Norddeich"}]},{"@type":"WebSite","@id":"https:\/\/east-frisia.de\/norddeich\/#website","url":"https:\/\/east-frisia.de\/norddeich\/","name":"Norddeich f\u00fcr Urlauber","description":"Norddeich Nordsee Urlaub","publisher":{"@id":"https:\/\/east-frisia.de\/norddeich\/#organization"},"potentialAction":[{"@type":"SearchAction","target":{"@type":"EntryPoint","urlTemplate":"https:\/\/east-frisia.de\/norddeich\/?s={search_term_string}"},"query-input":{"@type":"PropertyValueSpecification","valueRequired":true,"valueName":"search_term_string"}}],"inLanguage":"de"},{"@type":"Organization","@id":"https:\/\/east-frisia.de\/norddeich\/#organization","name":"Norddeich f\u00fcr Urlauber","url":"https:\/\/east-frisia.de\/norddeich\/","logo":{"@type":"ImageObject","inLanguage":"de","@id":"https:\/\/east-frisia.de\/norddeich\/#\/schema\/logo\/image\/","url":"https:\/\/east-frisia.de\/norddeich\/wp-content\/uploads\/sites\/3\/2022\/06\/Bimmelbahn-Norddeich.jpg","contentUrl":"https:\/\/east-frisia.de\/norddeich\/wp-content\/uploads\/sites\/3\/2022\/06\/Bimmelbahn-Norddeich.jpg","width":640,"height":360,"caption":"Norddeich f\u00fcr Urlauber"},"image":{"@id":"https:\/\/east-frisia.de\/norddeich\/#\/schema\/logo\/image\/"}}]}},"_links":{"self":[{"href":"https:\/\/east-frisia.de\/norddeich\/wp-json\/wp\/v2\/pages\/225","targetHints":{"allow":["GET"]}}],"collection":[{"href":"https:\/\/east-frisia.de\/norddeich\/wp-json\/wp\/v2\/pages"}],"about":[{"href":"https:\/\/east-frisia.de\/norddeich\/wp-json\/wp\/v2\/types\/page"}],"author":[{"embeddable":true,"href":"https:\/\/east-frisia.de\/norddeich\/wp-json\/wp\/v2\/users\/1"}],"replies":[{"embeddable":true,"href":"https:\/\/east-frisia.de\/norddeich\/wp-json\/wp\/v2\/comments?post=225"}],"version-history":[{"count":1,"href":"https:\/\/east-frisia.de\/norddeich\/wp-json\/wp\/v2\/pages\/225\/revisions"}],"predecessor-version":[{"id":227,"href":"https:\/\/east-frisia.de\/norddeich\/wp-json\/wp\/v2\/pages\/225\/revisions\/227"}],"wp:attachment":[{"href":"https:\/\/east-frisia.de\/norddeich\/wp-json\/wp\/v2\/media?parent=225"}],"curies":[{"name":"wp","href":"https:\/\/api.w.org\/{rel}","templated":true}]}}